{"id":18,"date":"2024-07-12T12:55:43","date_gmt":"2024-07-12T10:55:43","guid":{"rendered":"http:\/\/localhost\/FR\/?page_id=16"},"modified":"2024-10-02T17:22:54","modified_gmt":"2024-10-02T15:22:54","slug":"a-propos","status":"publish","type":"page","link":"https:\/\/expia-expertise.com\/index.php\/a-propos\/","title":{"rendered":"A propos"},"content":{"rendered":"\n<div class=\"wp-block-columns is-layout-flex wp-container-core-columns-is-layout-28f84493 wp-block-columns-is-layout-flex\">\n<div class=\"wp-block-column is-layout-flow wp-block-column-is-layout-flow\">\n<figure class=\"wp-block-image size-full has-custom-border\"><img loading=\"lazy\" decoding=\"async\" width=\"447\" height=\"600\" src=\"https:\/\/expia-expertise.com\/wp-content\/uploads\/2024\/10\/cyril_600.jpg\" alt=\"\" class=\"wp-image-9\" style=\"border-width:5px;border-radius:14px\" srcset=\"https:\/\/expia-expertise.com\/wp-content\/uploads\/2024\/10\/cyril_600.jpg 447w, https:\/\/expia-expertise.com\/wp-content\/uploads\/2024\/10\/cyril_600-224x300.jpg 224w\" sizes=\"auto, (max-width: 447px) 100vw, 447px\" \/><\/figure>\n<\/div>\n\n\n\n<div class=\"wp-block-column is-layout-flow wp-block-column-is-layout-flow\">\n<p class=\"has-text-align-left\"><em>\u00ab\u00a0Apr\u00e8s plus 25 ans d&rsquo;exp\u00e9riences diverses dans le milieu industriel, j&rsquo;ai d\u00e9cid\u00e9 de fonder EXPIA afin de partager mon expertise au travers de diff\u00e9rentes prestations avec des entreprises de toutes tailles, afin de les accompagner dans leurs projets de croissance \/ structuration.<\/em><\/p>\n\n\n\n<p class=\"has-text-align-left\"><em>N&rsquo;h\u00e9sitez pas \u00e0 <a href=\"https:\/\/expia-expertise.com\/index.php\/contactez-nous\/\" data-type=\"page\" data-id=\"40\">me contacter,<\/a> je vous rappellerai.\u00a0\u00bb<\/em><\/p>\n\n\n\n<p>Cyril Decoisy<\/p>\n<\/div>\n<\/div>\n\n\n\n<hr class=\"wp-block-separator has-alpha-channel-opacity\"\/>\n","protected":false},"excerpt":{"rendered":"<p>\u00ab\u00a0Apr\u00e8s plus 25 ans d&rsquo;exp\u00e9riences diverses dans le milieu industriel, j&rsquo;ai d\u00e9cid\u00e9 de fonder EXPIA afin de partager mon expertise au travers de diff\u00e9rentes prestations avec des entreprises de toutes tailles, afin de les accompagner dans leurs projets de croissance \/ structuration. N&rsquo;h\u00e9sitez pas \u00e0 me contacter, je vous rappellerai.\u00a0\u00bb Cyril Decoisy<\/p>\n","protected":false},"author":1,"featured_media":0,"parent":0,"menu_order":0,"comment_status":"closed","ping_status":"closed","template":"","meta":{"ub_ctt_via":"","footnotes":""},"class_list":["post-18","page","type-page","status-publish","hentry"],"featured_image_src":null,"_links":{"self":[{"href":"https:\/\/expia-expertise.com\/index.php\/wp-json\/wp\/v2\/pages\/18","targetHints":{"allow":["GET"]}}],"collection":[{"href":"https:\/\/expia-expertise.com\/index.php\/wp-json\/wp\/v2\/pages"}],"about":[{"href":"https:\/\/expia-expertise.com\/index.php\/wp-json\/wp\/v2\/types\/page"}],"author":[{"embeddable":true,"href":"https:\/\/expia-expertise.com\/index.php\/wp-json\/wp\/v2\/users\/1"}],"replies":[{"embeddable":true,"href":"https:\/\/expia-expertise.com\/index.php\/wp-json\/wp\/v2\/comments?post=18"}],"version-history":[{"count":5,"href":"https:\/\/expia-expertise.com\/index.php\/wp-json\/wp\/v2\/pages\/18\/revisions"}],"predecessor-version":[{"id":141,"href":"https:\/\/expia-expertise.com\/index.php\/wp-json\/wp\/v2\/pages\/18\/revisions\/141"}],"wp:attachment":[{"href":"https:\/\/expia-expertise.com\/index.php\/wp-json\/wp\/v2\/media?parent=18"}],"curies":[{"name":"wp","href":"https:\/\/api.w.org\/{rel}","templated":true}]}}